{"id":113,"date":"2021-05-24T15:21:24","date_gmt":"2021-05-24T15:21:24","guid":{"rendered":"https:\/\/hotel-les-jumeaux.ms.decms.eu\/?page_id=113"},"modified":"2023-08-15T11:43:59","modified_gmt":"2023-08-15T11:43:59","slug":"komfort-doppelzimmer","status":"publish","type":"page","link":"https:\/\/www.hotellesjumeauxcourmayeur.it\/de\/zimmer\/komfort-doppelzimmer\/","title":{"rendered":"Komfort Doppelzimmer"},"content":{"rendered":"<p style=\"text-align: center\">Zimmer mit <strong>aussicht auf das k\u00f6stliche Courmayeur<\/strong>, stilgerecht eingerichtet, mit Holzm\u00f6beln, warmen atmosph\u00e4ren, gastfreundlichen r\u00e4umen. Der in einigen klassik zu verf\u00fcgung stehende <strong>kleine balkon<\/strong> oder <strong>kleine garten<\/strong>, sind das ideal, um sich momente erfreulichen relax in der intimit\u00e4t des eigenen zimmers zu g\u00f6nnen.<\/p>\n<p style=\"text-align: center\">KLEINTIERE WILLKOMMEN<br \/>\nINNENANSICHT ODER BLICK AUF DIE STADT<\/p>\n<p style=\"text-align: center\">Die Zimmer befinden sich im Hauptgeb\u00e4ude<\/p>\n<p style=\"text-align: center\"><strong>Aufnahmef\u00e4higkeit maximum 2 Menschen \/ 20 m\u00b2<\/strong><\/p>\n","protected":false},"excerpt":{"rendered":"<p>Zimmer mit aussicht auf das k\u00f6stliche Courmayeur, stilgerecht eingerichtet, mit Holzm\u00f6beln, warmen atmosph\u00e4ren, gastfreundlichen r\u00e4umen. Der in einigen klassik zu verf\u00fcgung stehende kleine balkon oder kleine garten, sind das ideal, um sich momente erfreulichen relax in der intimit\u00e4t des eigenen zimmers zu g\u00f6nnen. KLEINTIERE WILLKOMMEN INNENANSICHT ODER BLICK AUF DIE STADT Die Zimmer befinden sich [&hellip;]<\/p>\n","protected":false},"author":36,"featured_media":0,"parent":82,"menu_order":10,"comment_status":"closed","ping_status":"closed","template":"template-single-room.php","meta":{"footnotes":""},"class_list":["post-113","page","type-page","status-publish","hentry"],"yoast_head":"<!-- This site is optimized with the Yoast SEO plugin v26.9 - https:\/\/yoast.com\/product\/yoast-seo-wordpress\/ -->\n<title>Komfort Doppelzimmer - Hotel Les Jumeaux Courmayeur -<\/title>\n<meta name=\"description\" content=\"Zimmer mit aussicht auf das k\u00f6stliche Courmayeur, stilgerecht eingerichtet, mit Holzm\u00f6beln, warmen atmosph\u00e4ren, gastfreundlichen r\u00e4umen. Der in einigen klassik zu verf\u00fcgung stehende kleine balkon oder kleine garten, sind das ideal, um sich momente erfreulichen relax in der intimit\u00e4t des eigenen zimmers zu g\u00f6nnen. KLEINTIERE WILLKOMMEN INNENANSICHT ODER BLICK AUF DIE STADT Die Zimmer befinden sich im Hauptgeb\u00e4ude Aufnahmef\u00e4higkeit maximum 2 Menschen \/ 20 m\u00b2\" \/>\n<meta name=\"robots\" content=\"noindex, follow\" \/>\n<meta property=\"og:locale\" content=\"de_DE\" \/>\n<meta property=\"og:type\" content=\"article\" \/>\n<meta property=\"og:title\" content=\"Komfort Doppelzimmer - Hotel Les Jumeaux Courmayeur -\" \/>\n<meta property=\"og:description\" content=\"Zimmer mit aussicht auf das k\u00f6stliche Courmayeur, stilgerecht eingerichtet, mit Holzm\u00f6beln, warmen atmosph\u00e4ren, gastfreundlichen r\u00e4umen. Der in einigen klassik zu verf\u00fcgung stehende kleine balkon oder kleine garten, sind das ideal, um sich momente erfreulichen relax in der intimit\u00e4t des eigenen zimmers zu g\u00f6nnen. KLEINTIERE WILLKOMMEN INNENANSICHT ODER BLICK AUF DIE STADT Die Zimmer befinden sich im Hauptgeb\u00e4ude Aufnahmef\u00e4higkeit maximum 2 Menschen \/ 20 m\u00b2\" \/>\n<meta property=\"og:url\" content=\"https:\/\/www.hotellesjumeauxcourmayeur.it\/de\/zimmer\/komfort-doppelzimmer\/\" \/>\n<meta property=\"og:site_name\" content=\"Hotel Les Jumeaux Courmayeur\" \/>\n<meta property=\"article:modified_time\" content=\"2023-08-15T11:43:59+00:00\" \/>\n<meta name=\"twitter:card\" content=\"summary_large_image\" \/>\n<meta name=\"twitter:label1\" content=\"Gesch\u00e4tzte Lesezeit\" \/>\n\t<meta name=\"twitter:data1\" content=\"1 Minute\" \/>\n<script type=\"application\/ld+json\" class=\"yoast-schema-graph\">{\"@context\":\"https:\/\/schema.org\",\"@graph\":[{\"@type\":\"WebPage\",\"@id\":\"https:\/\/www.hotellesjumeauxcourmayeur.it\/de\/zimmer\/komfort-doppelzimmer\/\",\"url\":\"https:\/\/www.hotellesjumeauxcourmayeur.it\/de\/zimmer\/komfort-doppelzimmer\/\",\"name\":\"Komfort Doppelzimmer - Hotel Les Jumeaux Courmayeur -\",\"isPartOf\":{\"@id\":\"https:\/\/www.hotellesjumeauxcourmayeur.it\/de\/#website\"},\"datePublished\":\"2021-05-24T15:21:24+00:00\",\"dateModified\":\"2023-08-15T11:43:59+00:00\",\"description\":\"Zimmer mit aussicht auf das k\u00f6stliche Courmayeur, stilgerecht eingerichtet, mit Holzm\u00f6beln, warmen atmosph\u00e4ren, gastfreundlichen r\u00e4umen. Der in einigen klassik zu verf\u00fcgung stehende kleine balkon oder kleine garten, sind das ideal, um sich momente erfreulichen relax in der intimit\u00e4t des eigenen zimmers zu g\u00f6nnen. KLEINTIERE WILLKOMMEN INNENANSICHT ODER BLICK AUF DIE STADT Die Zimmer befinden sich im Hauptgeb\u00e4ude Aufnahmef\u00e4higkeit maximum 2 Menschen \/ 20 m\u00b2\",\"breadcrumb\":{\"@id\":\"https:\/\/www.hotellesjumeauxcourmayeur.it\/de\/zimmer\/komfort-doppelzimmer\/#breadcrumb\"},\"inLanguage\":\"de-DE\",\"potentialAction\":[{\"@type\":\"ReadAction\",\"target\":[\"https:\/\/www.hotellesjumeauxcourmayeur.it\/de\/zimmer\/komfort-doppelzimmer\/\"]}]},{\"@type\":\"BreadcrumbList\",\"@id\":\"https:\/\/www.hotellesjumeauxcourmayeur.it\/de\/zimmer\/komfort-doppelzimmer\/#breadcrumb\",\"itemListElement\":[{\"@type\":\"ListItem\",\"position\":1,\"name\":\"Home\",\"item\":\"https:\/\/www.hotellesjumeauxcourmayeur.it\/de\/\"},{\"@type\":\"ListItem\",\"position\":2,\"name\":\"Zimmer\",\"item\":\"https:\/\/www.hotellesjumeauxcourmayeur.it\/de\/zimmer\/\"},{\"@type\":\"ListItem\",\"position\":3,\"name\":\"Komfort Doppelzimmer\"}]},{\"@type\":\"WebSite\",\"@id\":\"https:\/\/www.hotellesjumeauxcourmayeur.it\/de\/#website\",\"url\":\"https:\/\/www.hotellesjumeauxcourmayeur.it\/de\/\",\"name\":\"Hotel Les Jumeaux Courmayeur\",\"description\":\"Just another ms.decms.eu site\",\"potentialAction\":[{\"@type\":\"SearchAction\",\"target\":{\"@type\":\"EntryPoint\",\"urlTemplate\":\"https:\/\/www.hotellesjumeauxcourmayeur.it\/de\/?s={search_term_string}\"},\"query-input\":{\"@type\":\"PropertyValueSpecification\",\"valueRequired\":true,\"valueName\":\"search_term_string\"}}],\"inLanguage\":\"de-DE\"}]}<\/script>\n<!-- \/ Yoast SEO plugin. -->","yoast_head_json":{"title":"Komfort Doppelzimmer - Hotel Les Jumeaux Courmayeur -","description":"Zimmer mit aussicht auf das k\u00f6stliche Courmayeur, stilgerecht eingerichtet, mit Holzm\u00f6beln, warmen atmosph\u00e4ren, gastfreundlichen r\u00e4umen. Der in einigen klassik zu verf\u00fcgung stehende kleine balkon oder kleine garten, sind das ideal, um sich momente erfreulichen relax in der intimit\u00e4t des eigenen zimmers zu g\u00f6nnen. KLEINTIERE WILLKOMMEN INNENANSICHT ODER BLICK AUF DIE STADT Die Zimmer befinden sich im Hauptgeb\u00e4ude Aufnahmef\u00e4higkeit maximum 2 Menschen \/ 20 m\u00b2","robots":{"index":"noindex","follow":"follow"},"og_locale":"de_DE","og_type":"article","og_title":"Komfort Doppelzimmer - Hotel Les Jumeaux Courmayeur -","og_description":"Zimmer mit aussicht auf das k\u00f6stliche Courmayeur, stilgerecht eingerichtet, mit Holzm\u00f6beln, warmen atmosph\u00e4ren, gastfreundlichen r\u00e4umen. Der in einigen klassik zu verf\u00fcgung stehende kleine balkon oder kleine garten, sind das ideal, um sich momente erfreulichen relax in der intimit\u00e4t des eigenen zimmers zu g\u00f6nnen. KLEINTIERE WILLKOMMEN INNENANSICHT ODER BLICK AUF DIE STADT Die Zimmer befinden sich im Hauptgeb\u00e4ude Aufnahmef\u00e4higkeit maximum 2 Menschen \/ 20 m\u00b2","og_url":"https:\/\/www.hotellesjumeauxcourmayeur.it\/de\/zimmer\/komfort-doppelzimmer\/","og_site_name":"Hotel Les Jumeaux Courmayeur","article_modified_time":"2023-08-15T11:43:59+00:00","twitter_card":"summary_large_image","twitter_misc":{"Gesch\u00e4tzte Lesezeit":"1 Minute"},"schema":{"@context":"https:\/\/schema.org","@graph":[{"@type":"WebPage","@id":"https:\/\/www.hotellesjumeauxcourmayeur.it\/de\/zimmer\/komfort-doppelzimmer\/","url":"https:\/\/www.hotellesjumeauxcourmayeur.it\/de\/zimmer\/komfort-doppelzimmer\/","name":"Komfort Doppelzimmer - Hotel Les Jumeaux Courmayeur -","isPartOf":{"@id":"https:\/\/www.hotellesjumeauxcourmayeur.it\/de\/#website"},"datePublished":"2021-05-24T15:21:24+00:00","dateModified":"2023-08-15T11:43:59+00:00","description":"Zimmer mit aussicht auf das k\u00f6stliche Courmayeur, stilgerecht eingerichtet, mit Holzm\u00f6beln, warmen atmosph\u00e4ren, gastfreundlichen r\u00e4umen. Der in einigen klassik zu verf\u00fcgung stehende kleine balkon oder kleine garten, sind das ideal, um sich momente erfreulichen relax in der intimit\u00e4t des eigenen zimmers zu g\u00f6nnen. KLEINTIERE WILLKOMMEN INNENANSICHT ODER BLICK AUF DIE STADT Die Zimmer befinden sich im Hauptgeb\u00e4ude Aufnahmef\u00e4higkeit maximum 2 Menschen \/ 20 m\u00b2","breadcrumb":{"@id":"https:\/\/www.hotellesjumeauxcourmayeur.it\/de\/zimmer\/komfort-doppelzimmer\/#breadcrumb"},"inLanguage":"de-DE","potentialAction":[{"@type":"ReadAction","target":["https:\/\/www.hotellesjumeauxcourmayeur.it\/de\/zimmer\/komfort-doppelzimmer\/"]}]},{"@type":"BreadcrumbList","@id":"https:\/\/www.hotellesjumeauxcourmayeur.it\/de\/zimmer\/komfort-doppelzimmer\/#breadcrumb","itemListElement":[{"@type":"ListItem","position":1,"name":"Home","item":"https:\/\/www.hotellesjumeauxcourmayeur.it\/de\/"},{"@type":"ListItem","position":2,"name":"Zimmer","item":"https:\/\/www.hotellesjumeauxcourmayeur.it\/de\/zimmer\/"},{"@type":"ListItem","position":3,"name":"Komfort Doppelzimmer"}]},{"@type":"WebSite","@id":"https:\/\/www.hotellesjumeauxcourmayeur.it\/de\/#website","url":"https:\/\/www.hotellesjumeauxcourmayeur.it\/de\/","name":"Hotel Les Jumeaux Courmayeur","description":"Just another ms.decms.eu site","potentialAction":[{"@type":"SearchAction","target":{"@type":"EntryPoint","urlTemplate":"https:\/\/www.hotellesjumeauxcourmayeur.it\/de\/?s={search_term_string}"},"query-input":{"@type":"PropertyValueSpecification","valueRequired":true,"valueName":"search_term_string"}}],"inLanguage":"de-DE"}]}},"acf":[],"_links":{"self":[{"href":"https:\/\/www.hotellesjumeauxcourmayeur.it\/de\/wp-json\/wp\/v2\/pages\/113","targetHints":{"allow":["GET"]}}],"collection":[{"href":"https:\/\/www.hotellesjumeauxcourmayeur.it\/de\/wp-json\/wp\/v2\/pages"}],"about":[{"href":"https:\/\/www.hotellesjumeauxcourmayeur.it\/de\/wp-json\/wp\/v2\/types\/page"}],"author":[{"embeddable":true,"href":"https:\/\/www.hotellesjumeauxcourmayeur.it\/de\/wp-json\/wp\/v2\/users\/36"}],"replies":[{"embeddable":true,"href":"https:\/\/www.hotellesjumeauxcourmayeur.it\/de\/wp-json\/wp\/v2\/comments?post=113"}],"version-history":[{"count":0,"href":"https:\/\/www.hotellesjumeauxcourmayeur.it\/de\/wp-json\/wp\/v2\/pages\/113\/revisions"}],"up":[{"embeddable":true,"href":"https:\/\/www.hotellesjumeauxcourmayeur.it\/de\/wp-json\/wp\/v2\/pages\/82"}],"wp:attachment":[{"href":"https:\/\/www.hotellesjumeauxcourmayeur.it\/de\/wp-json\/wp\/v2\/media?parent=113"}],"curies":[{"name":"wp","href":"https:\/\/api.w.org\/{rel}","templated":true}]}}