{"id":163,"date":"2021-05-25T10:38:01","date_gmt":"2021-05-25T10:38:01","guid":{"rendered":"https:\/\/hotel-les-jumeaux.ms.decms.eu\/?page_id=163"},"modified":"2023-08-15T12:03:31","modified_gmt":"2023-08-15T12:03:31","slug":"superior-dreibettzimmer","status":"publish","type":"page","link":"https:\/\/www.hotellesjumeauxcourmayeur.it\/de\/zimmer\/superior-dreibettzimmer\/","title":{"rendered":"Superior Dreibettzimmer"},"content":{"rendered":"<p style=\"text-align: center\">Der balkon oder die <strong>terrasse mit gro\u00dfartiger<\/strong>, von den superior zimmer gebotener sicht aufs gebirge, schenkt momente des reizes und zauberhafter eindr\u00fccke. Die gem\u00fctlichen und mit allem <strong>komfort<\/strong> versehenen innenr\u00e4ume sollen den aufenthalt derer, die zu dritt reisen, bequem gestalten.<\/p>\n<p style=\"text-align: center\">AUSSICHT AUFS PANORAMA<br \/>\nSCHLAFSOFA<br \/>\nDie Zimmer befinden sich im Hauptgeb\u00e4ude<br \/>\nKLEINTIERE WILLKOMMEN<\/p>\n<p style=\"text-align: center\"><strong>Aufnahmef\u00e4higkeit maximum 3 Menschen \/ 22 m\u00b2<\/strong><\/p>\n","protected":false},"excerpt":{"rendered":"<p>Der balkon oder die terrasse mit gro\u00dfartiger, von den superior zimmer gebotener sicht aufs gebirge, schenkt momente des reizes und zauberhafter eindr\u00fccke. Die gem\u00fctlichen und mit allem komfort versehenen innenr\u00e4ume sollen den aufenthalt derer, die zu dritt reisen, bequem gestalten. AUSSICHT AUFS PANORAMA SCHLAFSOFA Die Zimmer befinden sich im Hauptgeb\u00e4ude KLEINTIERE WILLKOMMEN Aufnahmef\u00e4higkeit maximum 3 [&hellip;]<\/p>\n","protected":false},"author":36,"featured_media":0,"parent":82,"menu_order":25,"comment_status":"closed","ping_status":"closed","template":"template-single-room.php","meta":{"footnotes":""},"class_list":["post-163","page","type-page","status-publish","hentry"],"yoast_head":"<!-- This site is optimized with the Yoast SEO plugin v26.9 - https:\/\/yoast.com\/product\/yoast-seo-wordpress\/ -->\n<title>Superior Dreibettzimmer - Hotel Les Jumeaux Courmayeur -<\/title>\n<meta name=\"description\" content=\"Der balkon oder die terrasse mit gro\u00dfartiger, von den superior zimmer gebotener sicht aufs gebirge, schenkt momente des reizes und zauberhafter eindr\u00fccke. Die gem\u00fctlichen und mit allem komfort versehenen innenr\u00e4ume sollen den aufenthalt derer, die zu dritt reisen, bequem gestalten. AUSSICHT AUFS PANORAMA SCHLAFSOFA Die Zimmer befinden sich im Hauptgeb\u00e4ude KLEINTIERE WILLKOMMEN Aufnahmef\u00e4higkeit maximum 3 Menschen \/ 22 m\u00b2\" \/>\n<meta name=\"robots\" content=\"noindex, follow\" \/>\n<meta property=\"og:locale\" content=\"de_DE\" \/>\n<meta property=\"og:type\" content=\"article\" \/>\n<meta property=\"og:title\" content=\"Superior Dreibettzimmer - Hotel Les Jumeaux Courmayeur -\" \/>\n<meta property=\"og:description\" content=\"Der balkon oder die terrasse mit gro\u00dfartiger, von den superior zimmer gebotener sicht aufs gebirge, schenkt momente des reizes und zauberhafter eindr\u00fccke. Die gem\u00fctlichen und mit allem komfort versehenen innenr\u00e4ume sollen den aufenthalt derer, die zu dritt reisen, bequem gestalten. AUSSICHT AUFS PANORAMA SCHLAFSOFA Die Zimmer befinden sich im Hauptgeb\u00e4ude KLEINTIERE WILLKOMMEN Aufnahmef\u00e4higkeit maximum 3 Menschen \/ 22 m\u00b2\" \/>\n<meta property=\"og:url\" content=\"https:\/\/www.hotellesjumeauxcourmayeur.it\/de\/zimmer\/superior-dreibettzimmer\/\" \/>\n<meta property=\"og:site_name\" content=\"Hotel Les Jumeaux Courmayeur\" \/>\n<meta property=\"article:modified_time\" content=\"2023-08-15T12:03:31+00:00\" \/>\n<meta name=\"twitter:card\" content=\"summary_large_image\" \/>\n<meta name=\"twitter:label1\" content=\"Gesch\u00e4tzte Lesezeit\" \/>\n\t<meta name=\"twitter:data1\" content=\"1 Minute\" \/>\n<script type=\"application\/ld+json\" class=\"yoast-schema-graph\">{\"@context\":\"https:\/\/schema.org\",\"@graph\":[{\"@type\":\"WebPage\",\"@id\":\"https:\/\/www.hotellesjumeauxcourmayeur.it\/de\/zimmer\/superior-dreibettzimmer\/\",\"url\":\"https:\/\/www.hotellesjumeauxcourmayeur.it\/de\/zimmer\/superior-dreibettzimmer\/\",\"name\":\"Superior Dreibettzimmer - Hotel Les Jumeaux Courmayeur -\",\"isPartOf\":{\"@id\":\"https:\/\/www.hotellesjumeauxcourmayeur.it\/de\/#website\"},\"datePublished\":\"2021-05-25T10:38:01+00:00\",\"dateModified\":\"2023-08-15T12:03:31+00:00\",\"description\":\"Der balkon oder die terrasse mit gro\u00dfartiger, von den superior zimmer gebotener sicht aufs gebirge, schenkt momente des reizes und zauberhafter eindr\u00fccke. Die gem\u00fctlichen und mit allem komfort versehenen innenr\u00e4ume sollen den aufenthalt derer, die zu dritt reisen, bequem gestalten. AUSSICHT AUFS PANORAMA SCHLAFSOFA Die Zimmer befinden sich im Hauptgeb\u00e4ude KLEINTIERE WILLKOMMEN Aufnahmef\u00e4higkeit maximum 3 Menschen \/ 22 m\u00b2\",\"breadcrumb\":{\"@id\":\"https:\/\/www.hotellesjumeauxcourmayeur.it\/de\/zimmer\/superior-dreibettzimmer\/#breadcrumb\"},\"inLanguage\":\"de-DE\",\"potentialAction\":[{\"@type\":\"ReadAction\",\"target\":[\"https:\/\/www.hotellesjumeauxcourmayeur.it\/de\/zimmer\/superior-dreibettzimmer\/\"]}]},{\"@type\":\"BreadcrumbList\",\"@id\":\"https:\/\/www.hotellesjumeauxcourmayeur.it\/de\/zimmer\/superior-dreibettzimmer\/#breadcrumb\",\"itemListElement\":[{\"@type\":\"ListItem\",\"position\":1,\"name\":\"Home\",\"item\":\"https:\/\/www.hotellesjumeauxcourmayeur.it\/de\/\"},{\"@type\":\"ListItem\",\"position\":2,\"name\":\"Zimmer\",\"item\":\"https:\/\/www.hotellesjumeauxcourmayeur.it\/de\/zimmer\/\"},{\"@type\":\"ListItem\",\"position\":3,\"name\":\"Superior Dreibettzimmer\"}]},{\"@type\":\"WebSite\",\"@id\":\"https:\/\/www.hotellesjumeauxcourmayeur.it\/de\/#website\",\"url\":\"https:\/\/www.hotellesjumeauxcourmayeur.it\/de\/\",\"name\":\"Hotel Les Jumeaux Courmayeur\",\"description\":\"Just another ms.decms.eu site\",\"potentialAction\":[{\"@type\":\"SearchAction\",\"target\":{\"@type\":\"EntryPoint\",\"urlTemplate\":\"https:\/\/www.hotellesjumeauxcourmayeur.it\/de\/?s={search_term_string}\"},\"query-input\":{\"@type\":\"PropertyValueSpecification\",\"valueRequired\":true,\"valueName\":\"search_term_string\"}}],\"inLanguage\":\"de-DE\"}]}<\/script>\n<!-- \/ Yoast SEO plugin. -->","yoast_head_json":{"title":"Superior Dreibettzimmer - Hotel Les Jumeaux Courmayeur -","description":"Der balkon oder die terrasse mit gro\u00dfartiger, von den superior zimmer gebotener sicht aufs gebirge, schenkt momente des reizes und zauberhafter eindr\u00fccke. Die gem\u00fctlichen und mit allem komfort versehenen innenr\u00e4ume sollen den aufenthalt derer, die zu dritt reisen, bequem gestalten. AUSSICHT AUFS PANORAMA SCHLAFSOFA Die Zimmer befinden sich im Hauptgeb\u00e4ude KLEINTIERE WILLKOMMEN Aufnahmef\u00e4higkeit maximum 3 Menschen \/ 22 m\u00b2","robots":{"index":"noindex","follow":"follow"},"og_locale":"de_DE","og_type":"article","og_title":"Superior Dreibettzimmer - Hotel Les Jumeaux Courmayeur -","og_description":"Der balkon oder die terrasse mit gro\u00dfartiger, von den superior zimmer gebotener sicht aufs gebirge, schenkt momente des reizes und zauberhafter eindr\u00fccke. Die gem\u00fctlichen und mit allem komfort versehenen innenr\u00e4ume sollen den aufenthalt derer, die zu dritt reisen, bequem gestalten. AUSSICHT AUFS PANORAMA SCHLAFSOFA Die Zimmer befinden sich im Hauptgeb\u00e4ude KLEINTIERE WILLKOMMEN Aufnahmef\u00e4higkeit maximum 3 Menschen \/ 22 m\u00b2","og_url":"https:\/\/www.hotellesjumeauxcourmayeur.it\/de\/zimmer\/superior-dreibettzimmer\/","og_site_name":"Hotel Les Jumeaux Courmayeur","article_modified_time":"2023-08-15T12:03:31+00:00","twitter_card":"summary_large_image","twitter_misc":{"Gesch\u00e4tzte Lesezeit":"1 Minute"},"schema":{"@context":"https:\/\/schema.org","@graph":[{"@type":"WebPage","@id":"https:\/\/www.hotellesjumeauxcourmayeur.it\/de\/zimmer\/superior-dreibettzimmer\/","url":"https:\/\/www.hotellesjumeauxcourmayeur.it\/de\/zimmer\/superior-dreibettzimmer\/","name":"Superior Dreibettzimmer - Hotel Les Jumeaux Courmayeur -","isPartOf":{"@id":"https:\/\/www.hotellesjumeauxcourmayeur.it\/de\/#website"},"datePublished":"2021-05-25T10:38:01+00:00","dateModified":"2023-08-15T12:03:31+00:00","description":"Der balkon oder die terrasse mit gro\u00dfartiger, von den superior zimmer gebotener sicht aufs gebirge, schenkt momente des reizes und zauberhafter eindr\u00fccke. Die gem\u00fctlichen und mit allem komfort versehenen innenr\u00e4ume sollen den aufenthalt derer, die zu dritt reisen, bequem gestalten. AUSSICHT AUFS PANORAMA SCHLAFSOFA Die Zimmer befinden sich im Hauptgeb\u00e4ude KLEINTIERE WILLKOMMEN Aufnahmef\u00e4higkeit maximum 3 Menschen \/ 22 m\u00b2","breadcrumb":{"@id":"https:\/\/www.hotellesjumeauxcourmayeur.it\/de\/zimmer\/superior-dreibettzimmer\/#breadcrumb"},"inLanguage":"de-DE","potentialAction":[{"@type":"ReadAction","target":["https:\/\/www.hotellesjumeauxcourmayeur.it\/de\/zimmer\/superior-dreibettzimmer\/"]}]},{"@type":"BreadcrumbList","@id":"https:\/\/www.hotellesjumeauxcourmayeur.it\/de\/zimmer\/superior-dreibettzimmer\/#breadcrumb","itemListElement":[{"@type":"ListItem","position":1,"name":"Home","item":"https:\/\/www.hotellesjumeauxcourmayeur.it\/de\/"},{"@type":"ListItem","position":2,"name":"Zimmer","item":"https:\/\/www.hotellesjumeauxcourmayeur.it\/de\/zimmer\/"},{"@type":"ListItem","position":3,"name":"Superior Dreibettzimmer"}]},{"@type":"WebSite","@id":"https:\/\/www.hotellesjumeauxcourmayeur.it\/de\/#website","url":"https:\/\/www.hotellesjumeauxcourmayeur.it\/de\/","name":"Hotel Les Jumeaux Courmayeur","description":"Just another ms.decms.eu site","potentialAction":[{"@type":"SearchAction","target":{"@type":"EntryPoint","urlTemplate":"https:\/\/www.hotellesjumeauxcourmayeur.it\/de\/?s={search_term_string}"},"query-input":{"@type":"PropertyValueSpecification","valueRequired":true,"valueName":"search_term_string"}}],"inLanguage":"de-DE"}]}},"acf":[],"_links":{"self":[{"href":"https:\/\/www.hotellesjumeauxcourmayeur.it\/de\/wp-json\/wp\/v2\/pages\/163","targetHints":{"allow":["GET"]}}],"collection":[{"href":"https:\/\/www.hotellesjumeauxcourmayeur.it\/de\/wp-json\/wp\/v2\/pages"}],"about":[{"href":"https:\/\/www.hotellesjumeauxcourmayeur.it\/de\/wp-json\/wp\/v2\/types\/page"}],"author":[{"embeddable":true,"href":"https:\/\/www.hotellesjumeauxcourmayeur.it\/de\/wp-json\/wp\/v2\/users\/36"}],"replies":[{"embeddable":true,"href":"https:\/\/www.hotellesjumeauxcourmayeur.it\/de\/wp-json\/wp\/v2\/comments?post=163"}],"version-history":[{"count":0,"href":"https:\/\/www.hotellesjumeauxcourmayeur.it\/de\/wp-json\/wp\/v2\/pages\/163\/revisions"}],"up":[{"embeddable":true,"href":"https:\/\/www.hotellesjumeauxcourmayeur.it\/de\/wp-json\/wp\/v2\/pages\/82"}],"wp:attachment":[{"href":"https:\/\/www.hotellesjumeauxcourmayeur.it\/de\/wp-json\/wp\/v2\/media?parent=163"}],"curies":[{"name":"wp","href":"https:\/\/api.w.org\/{rel}","templated":true}]}}